{"id":43,"date":"2015-07-05T10:18:17","date_gmt":"2015-07-05T10:18:17","guid":{"rendered":"http:\/\/tangopalace.de\/?page_id=43"},"modified":"2017-05-01T22:32:21","modified_gmt":"2017-05-01T20:32:21","slug":"galerie","status":"publish","type":"page","link":"https:\/\/tangopalace.de\/?page_id=43","title":{"rendered":"Galerie"},"content":{"rendered":"<p style=\"text-align: center;\"><strong>Der Palace verf\u00fcgt \u00fcber zwei wundersch\u00f6ne gro\u00dfz\u00fcgige R\u00e4ume mit traumhaften Schwingboden (Parkett), \u00a0beide klimatisiert, mit bequemen Sitzloungen, Barbereich und Musikanlangen. Au\u00dferdem geh\u00f6ren noch 40 eigene Parkpl\u00e4tze dazu, welche ausschlie\u00dflich von Palace-Besuchern bzw. Tanzsch\u00fclern benutzt werden d\u00fcrfen. Sie k\u00f6nnen die R\u00e4ume, je nach Verf\u00fcgbarkeit auch f\u00fcr private Veranstaltungen buchen, sprechen Sie uns bitte darauf an!<\/strong><\/p>\n<figure id=\"attachment_36\" aria-describedby=\"caption-attachment-36\" style=\"width: 300px\" class=\"wp-caption aligncenter\"><a href=\"https:\/\/tangopalace.de\/?page_id=68\"><img loading=\"lazy\" decoding=\"async\" class=\"size-medium wp-image-36\" src=\"https:\/\/tangopalace.de\/wp-content\/uploads\/2015\/07\/bea-gross-rc3bcck-img_0219__low-300x200.jpg\" alt=\"Der Tango Palace\" width=\"300\" height=\"200\" srcset=\"https:\/\/tangopalace.de\/wp-content\/uploads\/2015\/07\/bea-gross-rc3bcck-img_0219__low-300x200.jpg 300w, https:\/\/tangopalace.de\/wp-content\/uploads\/2015\/07\/bea-gross-rc3bcck-img_0219__low-1024x682.jpg 1024w, https:\/\/tangopalace.de\/wp-content\/uploads\/2015\/07\/bea-gross-rc3bcck-img_0219__low-624x416.jpg 624w, https:\/\/tangopalace.de\/wp-content\/uploads\/2015\/07\/bea-gross-rc3bcck-img_0219__low.jpg 1970w\" sizes=\"auto, (max-width: 300px) 100vw, 300px\" \/><\/a><figcaption id=\"caption-attachment-36\" class=\"wp-caption-text\"><center><strong>Tango Palace gro\u00dfer Saal<\/strong><\/center><\/figcaption><\/figure>\n<p style=\"text-align: center;\"><a href=\"https:\/\/tangopalace.de\/wp-content\/uploads\/2015\/07\/IMG_0149.jpg\"><img loading=\"lazy\" decoding=\"async\" class=\" size-medium wp-image-142 aligncenter\" src=\"https:\/\/tangopalace.de\/wp-content\/uploads\/2015\/07\/IMG_0149-300x200.jpg\" alt=\"IMG_0149\" width=\"300\" height=\"200\" srcset=\"https:\/\/tangopalace.de\/wp-content\/uploads\/2015\/07\/IMG_0149-300x200.jpg 300w, https:\/\/tangopalace.de\/wp-content\/uploads\/2015\/07\/IMG_0149-1024x682.jpg 1024w, https:\/\/tangopalace.de\/wp-content\/uploads\/2015\/07\/IMG_0149-624x416.jpg 624w, https:\/\/tangopalace.de\/wp-content\/uploads\/2015\/07\/IMG_0149.jpg 1642w\" sizes=\"auto, (max-width: 300px) 100vw, 300px\" \/><\/a><strong><em>&#8222;kleiner&#8220; Saal<\/em><\/strong><\/p>\n<p>&nbsp;<\/p>\n","protected":false},"excerpt":{"rendered":"<p>Der Palace verf\u00fcgt \u00fcber zwei wundersch\u00f6ne gro\u00dfz\u00fcgige R\u00e4ume mit traumhaften Schwingboden (Parkett), \u00a0beide klimatisiert, mit bequemen Sitzloungen, Barbereich und Musikanlangen. Au\u00dferdem geh\u00f6ren noch 40 eigene Parkpl\u00e4tze dazu, welche ausschlie\u00dflich von Palace-Besuchern bzw. Tanzsch\u00fclern benutzt werden d\u00fcrfen. Sie k\u00f6nnen die R\u00e4ume, je nach Verf\u00fcgbarkeit auch f\u00fcr private Veranstaltungen buchen, sprechen Sie uns bitte darauf an! &#8222;kleiner&#8220; &hellip; <a href=\"https:\/\/tangopalace.de\/?page_id=43\" class=\"more-link\"><span class=\"screen-reader-text\">Galerie<\/span> weiterlesen <span class=\"meta-nav\">&rarr;<\/span><\/a><\/p>\n","protected":false},"author":1,"featured_media":0,"parent":0,"menu_order":8,"comment_status":"closed","ping_status":"closed","template":"","meta":{"footnotes":""},"class_list":["post-43","page","type-page","status-publish","hentry"],"_links":{"self":[{"href":"https:\/\/tangopalace.de\/index.php?rest_route=\/wp\/v2\/pages\/43","targetHints":{"allow":["GET"]}}],"collection":[{"href":"https:\/\/tangopalace.de\/index.php?rest_route=\/wp\/v2\/pages"}],"about":[{"href":"https:\/\/tangopalace.de\/index.php?rest_route=\/wp\/v2\/types\/page"}],"author":[{"embeddable":true,"href":"https:\/\/tangopalace.de\/index.php?rest_route=\/wp\/v2\/users\/1"}],"replies":[{"embeddable":true,"href":"https:\/\/tangopalace.de\/index.php?rest_route=%2Fwp%2Fv2%2Fcomments&post=43"}],"version-history":[{"count":10,"href":"https:\/\/tangopalace.de\/index.php?rest_route=\/wp\/v2\/pages\/43\/revisions"}],"predecessor-version":[{"id":19234,"href":"https:\/\/tangopalace.de\/index.php?rest_route=\/wp\/v2\/pages\/43\/revisions\/19234"}],"wp:attachment":[{"href":"https:\/\/tangopalace.de\/index.php?rest_route=%2Fwp%2Fv2%2Fmedia&parent=43"}],"curies":[{"name":"wp","href":"https:\/\/api.w.org\/{rel}","templated":true}]}}