{"id":29,"date":"2015-07-04T19:19:05","date_gmt":"2015-07-04T19:19:05","guid":{"rendered":"http:\/\/tangopalace.de\/?page_id=29"},"modified":"2026-04-07T17:22:53","modified_gmt":"2026-04-07T15:22:53","slug":"tango-palace","status":"publish","type":"page","link":"https:\/\/tangopalace.de\/","title":{"rendered":""},"content":{"rendered":"<h6 style=\"text-align: center;\"><em><strong><span style=\"color: #ff0000;\"><img loading=\"lazy\" decoding=\"async\" class=\"wp-image-13 aligncenter\" src=\"https:\/\/tangopalace.de\/wp-content\/uploads\/2015\/07\/header_800x230-300x86.png\" alt=\"header_800x230\" width=\"296\" height=\"85\" srcset=\"https:\/\/tangopalace.de\/wp-content\/uploads\/2015\/07\/header_800x230-300x86.png 300w, https:\/\/tangopalace.de\/wp-content\/uploads\/2015\/07\/header_800x230.png 800w\" sizes=\"auto, (max-width: 296px) 100vw, 296px\" \/><\/span>Wo tanzen am sch\u00f6nsten ist!\u00a0 \u00a0 \u00a0 \u00a0 \u00a0 \u00a0 \u00a0 \u00a0 \u00a0 \u00a0\u00a0<\/strong><\/em><\/h6>\n<h2 style=\"text-align: center;\"><strong><span style=\"color: #ff0000;\">********************************************<\/span><\/strong><a href=\"https:\/\/tangopalace.de\/wp-content\/uploads\/2026\/03\/12-april.jpg\"><img loading=\"lazy\" decoding=\"async\" class=\"wp-image-19319 aligncenter\" src=\"https:\/\/tangopalace.de\/wp-content\/uploads\/2026\/03\/12-april-300x167.jpg\" alt=\"\" width=\"956\" height=\"532\" srcset=\"https:\/\/tangopalace.de\/wp-content\/uploads\/2026\/03\/12-april-300x167.jpg 300w, https:\/\/tangopalace.de\/wp-content\/uploads\/2026\/03\/12-april-1024x570.jpg 1024w, https:\/\/tangopalace.de\/wp-content\/uploads\/2026\/03\/12-april-768x427.jpg 768w, https:\/\/tangopalace.de\/wp-content\/uploads\/2026\/03\/12-april.jpg 1100w\" sizes=\"auto, (max-width: 956px) 100vw, 956px\" \/><\/a><\/h2>\n<h5 class=\"xdj266r x14z9mp xat24cr x1lziwak x1vvkbs\"><span style=\"color: #ff0000;\">Liebe Freunde des Tango Palace,<\/span><\/h5>\n<h5 class=\"x14z9mp xat24cr x1lziwak x1vvkbs xtlvy1s\"><span style=\"color: #ff0000;\">vor der Milonga, das professionelle Tanzpaar VERONICA PASCUAL &amp; SERGIO SAUCET aus Buenos Aires (Argentinien), wird einen Workshop geben:<\/span><\/h5>\n<h5 class=\"x14z9mp xat24cr x1lziwak x1vvkbs xtlvy1s\"><span style=\"color: #ff0000;\">* 16.15 \u2013 17.45 Uhr<\/span><br class=\"html-br\" \/><span style=\"color: #ff0000;\">\u2013 Workshop: Vals : Giros mit Barridas.<\/span><\/h5>\n<h5 class=\"x14z9mp xat24cr x1lziwak x1vvkbs xtlvy1s\"><span style=\"color: #ff0000;\">Es geht dannach wie gewohnt mit unsere w\u00f6chentliche MILONGA DEL DOMINGO weiter! Diese Woche wird Tdj ROLO VALDIVIERI die klassischen Tandas mischen.<\/span><\/h5>\n<h5 class=\"x14z9mp xat24cr x1lziwak x1vvkbs xtlvy1s\"><span style=\"color: #ff0000;\">Ab 20.30 Uhr, im Rahmen der MILONGA DEL DOMINGO findet eine Tanzshow mit TANGO SALON STUTTGART DANCE GROUP unter der Leitung von JUDITA ZAPATERO statt!<\/span><\/h5>\n<h5 class=\"x14z9mp xat24cr x1lziwak x1vvkbs xtlvy1s\"><span style=\"color: #ff0000;\">Die Nutzungsgeb\u00fchr betr\u00e4gt:<\/span><br class=\"html-br\" \/><span style=\"color: #ff0000;\">-Workshop (90 Min) = 30 \u20ac pro Person<\/span><br class=\"html-br\" \/><span style=\"color: #ff0000;\">-Workshops + Milonga = 35 \u20ac pro Person<\/span><br class=\"html-br\" \/><span style=\"color: #ff0000;\">-Milonga = 10 \u20ac pro Person (inkl. Kuchebuffet!)<\/span><br class=\"html-br\" \/><span style=\"color: #ff0000;\">Studenten mit Ausweis bis 30 Jahre = 50% Erm\u00e4\u00dfigung<\/span><\/h5>\n<h5 class=\"x14z9mp xat24cr x1lziwak x1vvkbs xtlvy1s\"><span style=\"color: #ff0000;\">Anmeldungen:<\/span><br class=\"html-br\" \/><span style=\"color: #ff0000;\">\u2013 unter e-mail: info@tangopalace.de<\/span><\/h5>\n<h5 class=\"x14z9mp xat24cr x1lziwak x1vvkbs xtlvy1s\"><span style=\"color: #ff0000;\">Wir freuen uns sehr auf Euch alle und k\u00f6nnen es kaum erwarten, einen sch\u00f6nen Tangoabend gemeinsam mit Euch zu genie\u00dfen!<\/span><br class=\"html-br\" \/><span style=\"color: #ff0000;\">Parkpl\u00e4tze im Hof solang der Vorrat reicht.!!!<\/span><\/h5>\n<h5 class=\"x14z9mp xat24cr x1lziwak x1vvkbs xtlvy1s\"><span style=\"color: #ff0000;\">Herzliche Gr\u00fc\u00dfe,<\/span><br class=\"html-br\" \/><span style=\"color: #ff0000;\">Tango Palace Team<\/span><\/h5>\n<h2 style=\"text-align: center;\"><strong><span style=\"color: #ff0000;\">********************************************<\/span><\/strong><a href=\"https:\/\/tangopalace.de\/wp-content\/uploads\/2026\/04\/sl11.jpg\"><img loading=\"lazy\" decoding=\"async\" class=\"wp-image-19333 aligncenter\" src=\"https:\/\/tangopalace.de\/wp-content\/uploads\/2026\/04\/sl11-275x300.jpg\" alt=\"\" width=\"815\" height=\"889\" srcset=\"https:\/\/tangopalace.de\/wp-content\/uploads\/2026\/04\/sl11-275x300.jpg 275w, https:\/\/tangopalace.de\/wp-content\/uploads\/2026\/04\/sl11.jpg 767w\" sizes=\"auto, (max-width: 815px) 100vw, 815px\" \/><\/a><\/h2>\n<h5 class=\"xdj266r x14z9mp xat24cr x1lziwak x1vvkbs\"><span style=\"color: #800080;\">Liebe Freunde des Tango Palace &amp; der Tanzschule Wagner,<\/span><\/h5>\n<h5 class=\"x14z9mp xat24cr x1lziwak x1vvkbs xtlvy1s\"><span style=\"color: #800080;\">wir freuen uns, Euch mitteilen zu k\u00f6nnen, dass am Samstag 11. April 2026, von 20:30 Uhr bis 23:30 Uhr die n\u00e4chste Tanzparty Standard\/Latein stattfindet.<\/span><\/h5>\n<h5 class=\"x14z9mp xat24cr x1lziwak x1vvkbs xtlvy1s\"><span style=\"color: #800080;\">Der Eintritt betr\u00e4gt 10 \u20ac pro Person.<\/span><br class=\"html-br\" \/><span style=\"color: #800080;\">Tanzsch\u00fcler unserer Jugendkurse zahlen die H\u00e4lfte.<\/span><\/h5>\n<h5 class=\"x14z9mp xat24cr x1lziwak x1vvkbs xtlvy1s\"><span style=\"color: #800080;\">Wird sind froh, Euch bei uns begr\u00fc\u00dfen zu d\u00fcrfen und freuen uns auf Euch!<\/span><\/h5>\n<h5 class=\"x14z9mp xat24cr x1lziwak x1vvkbs xtlvy1s\"><span style=\"color: #800080;\">Euren Tango Palace Team<\/span><\/h5>\n<h2 style=\"text-align: center;\"><strong><span style=\"color: #ff0000;\">********************************************<\/span><\/strong><a href=\"https:\/\/tangopalace.de\/wp-content\/uploads\/2026\/04\/19april.jpg\"><img loading=\"lazy\" decoding=\"async\" class=\"wp-image-19334 aligncenter\" src=\"https:\/\/tangopalace.de\/wp-content\/uploads\/2026\/04\/19april-300x167.jpg\" alt=\"\" width=\"949\" height=\"528\" srcset=\"https:\/\/tangopalace.de\/wp-content\/uploads\/2026\/04\/19april-300x167.jpg 300w, https:\/\/tangopalace.de\/wp-content\/uploads\/2026\/04\/19april-1024x570.jpg 1024w, https:\/\/tangopalace.de\/wp-content\/uploads\/2026\/04\/19april-768x427.jpg 768w, https:\/\/tangopalace.de\/wp-content\/uploads\/2026\/04\/19april.jpg 1096w\" sizes=\"auto, (max-width: 949px) 100vw, 949px\" \/><\/a><\/h2>\n<h5><span style=\"color: #ff0000;\">Liebe Freunde des Tango Palace,<\/span><\/h5>\n<h5><span style=\"color: #ff0000;\">wir laden euch alle herzlich am Sonntag 19. April 2026 zu unserer MILONGA DEL DOMINGO ein. Tdj SERGIO SAUCET (Buenos Aires) k\u00fcmmern sich um die beste Tangomusik und gute Laune!<\/span><\/h5>\n<h5><span style=\"color: #ff0000;\">Vor der Milonga, das professionelle Tanzpaar VERONICA PASCUAL &amp; SERGIO SAUCET aus Buenos Aires (Argentinien), wird einen Workshop geben:<\/span><br \/>\n<span style=\"color: #ff0000;\">* 16.15 \u2013 17.45 Uhr<\/span><br class=\"html-br\" \/><span style=\"color: #ff0000;\">\u2013 Workshop: Tango &#8211; Kombination von Barridas mit Sacadas<\/span><\/h5>\n<h5><span style=\"color: #ff0000;\">Ab 20.00 Uhr, ein Album-Release Live-Konzert\u00a0 CHAMUYANDO BAJITO\u00a0 mit:<\/span><br class=\"html-br\" \/><span style=\"color: #ff0000;\">-Diego Barral: Gesang<\/span><br class=\"html-br\" \/><span style=\"color: #ff0000;\">-Gustavo Azamor: Gitarre und Gesang<\/span><br class=\"html-br\" \/><span style=\"color: #ff0000;\">-Ike Meipariani: Perkussion<\/span><br class=\"html-br\" \/><span style=\"color: #ff0000;\">-Gabi Keller: Querfl\u00f6te und Akkordeon<\/span><br class=\"html-br\" \/><span style=\"color: #ff0000;\">***Special Guest: Poldy Tagle (Klavier)<\/span><\/h5>\n<h5><span style=\"color: #ff0000;\">Die Nutzungsgeb\u00fchr betr\u00e4gt:<\/span><br class=\"html-br\" \/><span style=\"color: #ff0000;\">-Milonga = 10 \u20ac pro Person (inkl. Kuchebuffet!)<\/span><br class=\"html-br\" \/><span style=\"color: #ff0000;\">Studenten mit Ausweis bis 30 Jahre = 50% Erm\u00e4\u00dfigung<\/span><br class=\"html-br\" \/><span style=\"color: #ff0000;\">Freiwillige Spende f\u00fcr die Musiker erbeten!<\/span><\/h5>\n<h5><span style=\"color: #ff0000;\">Wir freuen uns sehr auf Euch alle und k\u00f6nnen es kaum erwarten, einen sch\u00f6nen Tangoabend gemeinsam mit Euch zu genie\u00dfen!<\/span><br class=\"html-br\" \/><span style=\"color: #ff0000;\">Parkpl\u00e4tze im Hof solang der Vorrat reicht.!!!<\/span><\/h5>\n<h5><span style=\"color: #ff0000;\">Herzlichst,<\/span><br class=\"html-br\" \/><span style=\"color: #ff0000;\">Euer Tango Palace Team<\/span><\/h5>\n<h2 style=\"text-align: center;\"><strong><span style=\"color: #ff0000;\">********************************************<\/span><\/strong><a href=\"https:\/\/tangopalace.de\/wp-content\/uploads\/2026\/03\/april2026.jpg\"><img loading=\"lazy\" decoding=\"async\" class=\"wp-image-19314 aligncenter\" src=\"https:\/\/tangopalace.de\/wp-content\/uploads\/2026\/03\/april2026-300x187.jpg\" alt=\"\" width=\"916\" height=\"571\" srcset=\"https:\/\/tangopalace.de\/wp-content\/uploads\/2026\/03\/april2026-300x187.jpg 300w, https:\/\/tangopalace.de\/wp-content\/uploads\/2026\/03\/april2026-768x479.jpg 768w, https:\/\/tangopalace.de\/wp-content\/uploads\/2026\/03\/april2026.jpg 971w\" sizes=\"auto, (max-width: 916px) 100vw, 916px\" \/><\/a><\/h2>\n<h5 class=\"xdj266r x14z9mp xat24cr x1lziwak x1vvkbs\"><span style=\"color: #800000;\">Liebe Freunde des Tango Palace,<\/span><\/h5>\n<h5 class=\"x14z9mp xat24cr x1lziwak x1vvkbs xtlvy1s\"><span style=\"color: #800000;\">im April 2026, jeden Sonntag vor der MILONGA DEL DOMINGO, werden die bekannten Profit\u00e4nzer VERONICA PASCUAL &amp; SERGIO SAUCE aus Buenos Aires (Argentinien) einen Workshop geben.<\/span><\/h5>\n<h5 class=\"x14z9mp xat24cr x1lziwak x1vvkbs xtlvy1s\"><span style=\"color: #800000;\">Workshops-Programm: 16.15 &#8211; 17.45 Uhr<\/span><\/h5>\n<h5 class=\"x14z9mp xat24cr x1lziwak x1vvkbs xtlvy1s\"><span style=\"color: #800000;\">-05. April = Tango : Die Musikalit\u00e4t und die Bewegungen<\/span><br class=\"html-br\" \/><span style=\"color: #800000;\">erarbeiten wir mit dem Orchester Juan D\u00b4arienzo.<\/span><\/h5>\n<h5 class=\"x14z9mp xat24cr x1lziwak x1vvkbs xtlvy1s\"><span style=\"color: #800000;\">-12. April = Vals : Giros mit Barridas.<\/span><\/h5>\n<h5 class=\"x14z9mp xat24cr x1lziwak x1vvkbs xtlvy1s\"><span style=\"color: #800000;\">-19. April = Tango : Kombination von Barridas mit Sacadas.<\/span><\/h5>\n<h5 class=\"x14z9mp xat24cr x1lziwak x1vvkbs xtlvy1s\"><span style=\"color: #800000;\">-26. April = Milonga Lisa und Traspie.<\/span><\/h5>\n<h5 class=\"x14z9mp xat24cr x1lziwak x1vvkbs xtlvy1s\"><span style=\"color: #800000;\">Die Nutzungsgeb\u00fchr betr\u00e4gt:<\/span><br class=\"html-br\" \/><span style=\"color: #800000;\">-Workshop (90 Min) = 30 \u20ac \/ Person<\/span><br class=\"html-br\" \/><span style=\"color: #800000;\">-Alle 4 Workshops = 110 \u20ac \/ Person<\/span><br class=\"html-br\" \/><span style=\"color: #800000;\">-Studenten mit Ausweis bis 30 Jahre = 50% Erm\u00e4\u00dfigung<\/span><\/h5>\n<h5 class=\"x14z9mp xat24cr x1lziwak x1vvkbs xtlvy1s\"><span style=\"color: #800000;\">Alle Workshop-Teilnehmer erhalten au\u00dferdem einen Rabatt bei MILONGA DEL DOMINGO!<\/span><\/h5>\n<h5 class=\"x14z9mp xat24cr x1lziwak x1vvkbs xtlvy1s\"><span style=\"color: #800000;\">Anmeldungen:<\/span><br class=\"html-br\" \/><span style=\"color: #800000;\">\u2013 unter e-mail: info@tangopalace.de<\/span><\/h5>\n<h5 class=\"x14z9mp xat24cr x1lziwak x1vvkbs xtlvy1s\"><span style=\"color: #800000;\">Wir freuen uns sehr auf Euch alle!<\/span><br class=\"html-br\" \/><span style=\"color: #800000;\">Parkpl\u00e4tze im Hof solang der Vorrat reicht!!!<\/span><\/h5>\n<h5 class=\"x14z9mp xat24cr x1lziwak x1vvkbs xtlvy1s\"><span style=\"color: #800000;\">Herzliche Gr\u00fc\u00dfe,<\/span><br class=\"html-br\" \/><span style=\"color: #800000;\">Tango Palace Team<\/span><\/h5>\n<h2 style=\"text-align: center;\"><strong><span style=\"color: #ff0000;\">********************************************<\/span><\/strong><\/h2>\n<div>\n<h5 class=\"x14z9mp xat24cr x1lziwak x1vvkbs xtlvy1s\"><\/h5>\n<\/div>\n<h2 style=\"text-align: center;\"><a href=\"https:\/\/tangopalace.de\/wp-content\/uploads\/2026\/04\/7s.jpg\"><img loading=\"lazy\" decoding=\"async\" class=\"wp-image-19331 aligncenter\" src=\"https:\/\/tangopalace.de\/wp-content\/uploads\/2026\/04\/7s-300x192.jpg\" alt=\"\" width=\"850\" height=\"544\" srcset=\"https:\/\/tangopalace.de\/wp-content\/uploads\/2026\/04\/7s-300x192.jpg 300w, https:\/\/tangopalace.de\/wp-content\/uploads\/2026\/04\/7s.jpg 693w\" sizes=\"auto, (max-width: 850px) 100vw, 850px\" \/><\/a><\/h2>\n<h5 class=\"xdj266r x14z9mp xat24cr x1lziwak x1vvkbs\"><span style=\"color: #0000ff;\">Liebe Freunde des Tango Palace,<\/span><\/h5>\n<h5 class=\"x14z9mp xat24cr x1lziwak x1vvkbs xtlvy1s\"><span style=\"color: #0000ff;\">jeden Donnerstag tanzen wir sowie auf traditionelle als auch auf fusion Musik im Palace. Dieses Mal wird Dj SIGRUN die Tandas mischen!!!<\/span><\/h5>\n<h5 class=\"x14z9mp xat24cr x1lziwak x1vvkbs xtlvy1s\"><span style=\"color: #0000ff;\">Die Nutzungsgeb\u00fchr betr\u00e4gt 10 EUR pro Person.<\/span><br class=\"html-br\" \/><span style=\"color: #0000ff;\">(Studenten mit Ausweis 6.00 \u20ac.)<\/span><\/h5>\n<h5 class=\"x14z9mp xat24cr x1lziwak x1vvkbs xtlvy1s\"><span style=\"color: #0000ff;\">Wir freuen uns sehr auf Euch alle und k\u00f6nnen es kaum erwarten, einen sch\u00f6nen Tangoabend gemeinsam mit Euch zu genie\u00dfen!<\/span><br class=\"html-br\" \/><span style=\"color: #0000ff;\">Parkpl\u00e4tze im Hof solang der Vorrat reicht.!!!<\/span><\/h5>\n<h5 class=\"x14z9mp xat24cr x1lziwak x1vvkbs xtlvy1s\"><span style=\"color: #0000ff;\">Herzliche Gr\u00fc\u00dfe,<\/span><br class=\"html-br\" \/><span style=\"color: #0000ff;\">Tango Palace Team<\/span><\/h5>\n<h2 style=\"text-align: center;\"><strong><span style=\"color: #ff0000;\">********************************************<\/span><\/strong><\/h2>\n<h2 style=\"text-align: center;\"><strong><span style=\"color: #ff0000;\">********************************************<\/span><\/strong><\/h2>\n<h6 style=\"text-align: center;\"><span style=\"color: #ff0000;\"><em><strong>Wir wollten dem\u00a0Tango mehr als einen Raum geben, wir fanden f\u00fcr ihn ein Palace,\u00a0wir wollten f\u00fcr ihn\u00a0mehr als T\u00e4nzer sein, wir sind inzwischen Freunde, wir wollen\u00a0nicht zeigen was wir k\u00f6nnen, wir wollen teilen. Wir lieben ihn nicht nur &#8211; wir leben ihn aus, weil TANGO mehr\u00a0ist\u00a0als nur ein Tanz, er ist eine Lebenseinstellung, die wir alle im Palace teilen.<\/strong><\/em><\/span><\/h6>\n<h6 style=\"text-align: center;\"><span style=\"color: #ff0000;\"><em><strong>Kommt und entdeckt die Philosophie des Tangos, die Magie des Miteinanders, taucht in die Zauberwelt der Gef\u00fchle ein, reist durch Raum und Zeit und entdeckt wie reich Tango ist und wie bereichernd diese Reise f\u00fcr jeden sein kann. Wir freuen uns auf euch!<\/strong><\/em><\/span><\/h6>\n<p>*****************************************************************************************<\/p>\n<p style=\"text-align: right;\"><a href=\"https:\/\/tangopalace.de\/wp-content\/uploads\/2015\/07\/header_1600x230.png\"><img loading=\"lazy\" decoding=\"async\" class=\" wp-image-12 alignleft\" src=\"https:\/\/tangopalace.de\/wp-content\/uploads\/2015\/07\/header_1600x230-300x43.png\" alt=\"header_1600x230\" width=\"447\" height=\"64\" srcset=\"https:\/\/tangopalace.de\/wp-content\/uploads\/2015\/07\/header_1600x230-300x43.png 300w, https:\/\/tangopalace.de\/wp-content\/uploads\/2015\/07\/header_1600x230-1024x147.png 1024w, https:\/\/tangopalace.de\/wp-content\/uploads\/2015\/07\/header_1600x230.png 1600w\" sizes=\"auto, (max-width: 447px) 100vw, 447px\" \/><br \/>\n<\/a><\/p>\n<p>&nbsp;<\/p>\n","protected":false},"excerpt":{"rendered":"<p>Wo tanzen am sch\u00f6nsten ist!\u00a0 \u00a0 \u00a0 \u00a0 \u00a0 \u00a0 \u00a0 \u00a0 \u00a0 \u00a0\u00a0 ******************************************** Liebe Freunde des Tango Palace, vor der Milonga, das professionelle Tanzpaar VERONICA PASCUAL &amp; SERGIO SAUCET aus Buenos Aires (Argentinien), wird einen Workshop geben: * 16.15 \u2013 17.45 Uhr\u2013 Workshop: Vals : Giros mit Barridas. Es geht dannach wie gewohnt &hellip; <a href=\"https:\/\/tangopalace.de\/\" class=\"more-link\"><span class=\"screen-reader-text\"><\/span> weiterlesen <span class=\"meta-nav\">&rarr;<\/span><\/a><\/p>\n","protected":false},"author":1,"featured_media":0,"parent":0,"menu_order":0,"comment_status":"closed","ping_status":"closed","template":"","meta":{"footnotes":""},"class_list":["post-29","page","type-page","status-publish","hentry"],"_links":{"self":[{"href":"https:\/\/tangopalace.de\/index.php?rest_route=\/wp\/v2\/pages\/29","targetHints":{"allow":["GET"]}}],"collection":[{"href":"https:\/\/tangopalace.de\/index.php?rest_route=\/wp\/v2\/pages"}],"about":[{"href":"https:\/\/tangopalace.de\/index.php?rest_route=\/wp\/v2\/types\/page"}],"author":[{"embeddable":true,"href":"https:\/\/tangopalace.de\/index.php?rest_route=\/wp\/v2\/users\/1"}],"replies":[{"embeddable":true,"href":"https:\/\/tangopalace.de\/index.php?rest_route=%2Fwp%2Fv2%2Fcomments&post=29"}],"version-history":[{"count":966,"href":"https:\/\/tangopalace.de\/index.php?rest_route=\/wp\/v2\/pages\/29\/revisions"}],"predecessor-version":[{"id":19339,"href":"https:\/\/tangopalace.de\/index.php?rest_route=\/wp\/v2\/pages\/29\/revisions\/19339"}],"wp:attachment":[{"href":"https:\/\/tangopalace.de\/index.php?rest_route=%2Fwp%2Fv2%2Fmedia&parent=29"}],"curies":[{"name":"wp","href":"https:\/\/api.w.org\/{rel}","templated":true}]}}