{"id":23,"date":"2015-07-04T18:55:36","date_gmt":"2015-07-04T18:55:36","guid":{"rendered":"http:\/\/tangopalace.de\/?page_id=23"},"modified":"2025-04-08T17:11:49","modified_gmt":"2025-04-08T15:11:49","slug":"milongas","status":"publish","type":"page","link":"https:\/\/tangopalace.de\/?page_id=23","title":{"rendered":"Milongas"},"content":{"rendered":"<h2><\/h2>\n<h2>********************************************<\/h2>\n<h2><strong>Jeden Donnerstag<\/strong>\u00a0<strong>ab 20.30-24.00 Uhr!!!<\/strong><\/h2>\n<h2><strong><strong><span style=\"color: #ff0000;\">MILONGA MIXTA<\/span><\/strong><\/strong><\/h2>\n<h4><a href=\"https:\/\/tangopalace.de\/wp-content\/uploads\/2015\/07\/IMG_0206.jpg\"><img loading=\"lazy\" decoding=\"async\" class=\"wp-image-143 aligncenter\" src=\"https:\/\/tangopalace.de\/wp-content\/uploads\/2015\/07\/IMG_0206-300x200.jpg\" alt=\"IMG_0206\" width=\"1046\" height=\"697\" srcset=\"https:\/\/tangopalace.de\/wp-content\/uploads\/2015\/07\/IMG_0206-300x200.jpg 300w, https:\/\/tangopalace.de\/wp-content\/uploads\/2015\/07\/IMG_0206-1024x682.jpg 1024w, https:\/\/tangopalace.de\/wp-content\/uploads\/2015\/07\/IMG_0206-624x416.jpg 624w, https:\/\/tangopalace.de\/wp-content\/uploads\/2015\/07\/IMG_0206.jpg 1642w\" sizes=\"auto, (max-width: 1046px) 100vw, 1046px\" \/><\/a><strong>(traditionelle und moderne Tangos in Tandas und Cortinas)\u00a0<\/strong><\/h4>\n<h2>********************************************<\/h2>\n<h2><strong><a href=\"https:\/\/tangopalace.de\/wp-content\/uploads\/2015\/07\/DSC_1659.jpg\"><img loading=\"lazy\" decoding=\"async\" class=\"wp-image-339 aligncenter\" src=\"https:\/\/tangopalace.de\/wp-content\/uploads\/2015\/07\/DSC_1659-300x201.jpg\" alt=\"DSC_1659\" width=\"980\" height=\"657\" srcset=\"https:\/\/tangopalace.de\/wp-content\/uploads\/2015\/07\/DSC_1659-300x201.jpg 300w, https:\/\/tangopalace.de\/wp-content\/uploads\/2015\/07\/DSC_1659-1024x685.jpg 1024w, https:\/\/tangopalace.de\/wp-content\/uploads\/2015\/07\/DSC_1659-624x418.jpg 624w\" sizes=\"auto, (max-width: 980px) 100vw, 980px\" \/><\/a>\u00a0 \u00a0 \u00a0 \u00a0 \u00a0 \u00a0Jeden Sonntag ab 18:00-22.30 Uhr\u00a0<\/strong><\/h2>\n<h2><strong> \u00a0 \u00a0 \u00a0 \u00a0 \u00a0<strong><span style=\"color: #ff0000;\">MILONGA DEL DOMINGO<\/span><\/strong><\/strong><\/h2>\n<h4 style=\"text-align: justify;\">&#8211; traditionell in Tandas und Cortinas!\u00a0 \u00a0 \u00a0 \u00a0 \u00a0 \u00a0 \u00a0 \u00a0 \u00a0 \u00a0 \u00a0 \u00a0 \u00a0 \u00a0 \u00a0 \u00a0 \u00a0 \u00a0 \u00a0 \u00a0 \u00a0 \u00a0 \u00a0 \u00a0 \u00a0<strong>\u00a0 \u00a0 \u00a0 \u00a0 \u00a0 \u00a0 \u00a0 \u00a0 \u00a0 \u00a0 \u00a0 \u00a0 \u00a0 \u00a0<\/strong><\/h4>\n<h2>Details\u00a0<a href=\"https:\/\/www.facebook.com\/groups\/284809114924811\" target=\"_blank\" rel=\"noopener\">hier<\/a>\u00a0auf <span style=\"text-decoration: underline;\"><span style=\"color: #993300; text-decoration: underline;\">f<\/span><a href=\"https:\/\/www.facebook.com\/groups\/284809114924811\" target=\"_blank\" rel=\"noopener\">acebook\u00a0<\/a><\/span><\/h2>\n<p>******************************************************************************************<\/p>\n<h3><strong>F\u00fcr alle Milonga-Besucher stehen die Parkpl\u00e4tze im Hof zur Verf\u00fcgung, &#8222;solang der Vorrat reicht&#8220;. Auf dem Parkhof parkt man zweireihig,\u00a0die &#8222;zugeparkten&#8220; Autos werden nach entsprechenden Durchsagen in den Cortinas wieder freigegeben; die dadurch entstehenden Wartezeiten bitten wir zu ber\u00fccksichtigen. Vielen Dank!<\/strong><\/h3>\n<h2><a href=\"https:\/\/tangopalace.de\/wp-content\/uploads\/2015\/07\/DSC_1660.jpg\"><img loading=\"lazy\" decoding=\"async\" class=\" wp-image-342 aligncenter\" src=\"https:\/\/tangopalace.de\/wp-content\/uploads\/2015\/07\/DSC_1660-300x201.jpg\" alt=\"DSC_1660\" width=\"456\" height=\"305\" srcset=\"https:\/\/tangopalace.de\/wp-content\/uploads\/2015\/07\/DSC_1660-300x201.jpg 300w, https:\/\/tangopalace.de\/wp-content\/uploads\/2015\/07\/DSC_1660-1024x685.jpg 1024w, https:\/\/tangopalace.de\/wp-content\/uploads\/2015\/07\/DSC_1660-624x418.jpg 624w\" sizes=\"auto, (max-width: 456px) 100vw, 456px\" \/><\/a>Wir bitten alle zu beachten, dass wir in Baden-W\u00fcrttemberg gesetzliche Tanzverbotsfeiertage ber\u00fccksichtigen m\u00fcssen und wir an diesen Tagen <span style=\"color: #ff0000;\">KEINE Milongas<\/span> veranstalten.<\/h2>\n<p>&nbsp;<\/p>\n","protected":false},"excerpt":{"rendered":"<p>******************************************** Jeden Donnerstag\u00a0ab 20.30-24.00 Uhr!!! MILONGA MIXTA (traditionelle und moderne Tangos in Tandas und Cortinas)\u00a0 ******************************************** \u00a0 \u00a0 \u00a0 \u00a0 \u00a0 \u00a0Jeden Sonntag ab 18:00-22.30 Uhr\u00a0 \u00a0 \u00a0 \u00a0 \u00a0 \u00a0MILONGA DEL DOMINGO &#8211; traditionell in Tandas und Cortinas!\u00a0 \u00a0 \u00a0 \u00a0 \u00a0 \u00a0 \u00a0 \u00a0 \u00a0 \u00a0 \u00a0 \u00a0 \u00a0 \u00a0 \u00a0 \u00a0 \u00a0 &hellip; <a href=\"https:\/\/tangopalace.de\/?page_id=23\" class=\"more-link\"><span class=\"screen-reader-text\">Milongas<\/span> weiterlesen <span class=\"meta-nav\">&rarr;<\/span><\/a><\/p>\n","protected":false},"author":1,"featured_media":0,"parent":0,"menu_order":3,"comment_status":"closed","ping_status":"closed","template":"","meta":{"footnotes":""},"class_list":["post-23","page","type-page","status-publish","hentry"],"_links":{"self":[{"href":"https:\/\/tangopalace.de\/index.php?rest_route=\/wp\/v2\/pages\/23","targetHints":{"allow":["GET"]}}],"collection":[{"href":"https:\/\/tangopalace.de\/index.php?rest_route=\/wp\/v2\/pages"}],"about":[{"href":"https:\/\/tangopalace.de\/index.php?rest_route=\/wp\/v2\/types\/page"}],"author":[{"embeddable":true,"href":"https:\/\/tangopalace.de\/index.php?rest_route=\/wp\/v2\/users\/1"}],"replies":[{"embeddable":true,"href":"https:\/\/tangopalace.de\/index.php?rest_route=%2Fwp%2Fv2%2Fcomments&post=23"}],"version-history":[{"count":73,"href":"https:\/\/tangopalace.de\/index.php?rest_route=\/wp\/v2\/pages\/23\/revisions"}],"predecessor-version":[{"id":19113,"href":"https:\/\/tangopalace.de\/index.php?rest_route=\/wp\/v2\/pages\/23\/revisions\/19113"}],"wp:attachment":[{"href":"https:\/\/tangopalace.de\/index.php?rest_route=%2Fwp%2Fv2%2Fmedia&parent=23"}],"curies":[{"name":"wp","href":"https:\/\/api.w.org\/{rel}","templated":true}]}}